{"id":328,"date":"2025-08-27T13:04:26","date_gmt":"2025-08-27T13:04:26","guid":{"rendered":"https:\/\/mediumvioletred-ram-350536.hostingersite.com\/?page_id=328"},"modified":"2025-09-27T12:37:12","modified_gmt":"2025-09-27T12:37:12","slug":"compliance-cyber-security-testing","status":"publish","type":"page","link":"https:\/\/airvai.eu\/lt\/compliance-cyber-security-testing\/","title":{"rendered":"Atitikties ir kibernetinio saugumo testavimas"},"content":{"rendered":"<section class=\"bde-section-328-112 bde-section\">\n  \n  \n\t\n\n\n\n<div class=\"section-container\"><h1 class=\"bde-heading-328-113 bde-heading\" data-entrance=\"slideLeft\">\nAtitikties ir kibernetinio saugumo testavimas\n<\/h1><div class=\"bde-grid-328-114 bde-grid\">\n  \n  \n\t\n\n\n\n<div class=\"bde-div-328-115 bde-div\" data-entrance=\"fade\">\n  \n  \n\t\n\n\n\n<div class=\"bde-div-328-116 bde-div\">\n  \n  \n\t\n\n\n\n<div class=\"bde-icon-328-117 bde-icon\">\n\n    \n            <div class=\"bde-icon-icon breakdance-icon-atom\" >\n    \n                    <svg xmlns=\"http:\/\/www.w3.org\/2000\/svg\" viewbox=\"0 0 512 512\"><!--! Font Awesome Free 6.5.1 by @fontawesome - https:\/\/fontawesome.com License - https:\/\/fontawesome.com\/license\/free (Icons: CC BY 4.0, Fonts: SIL OFL 1.1, Code: MIT License) Copyright 2023 Fonticons, Inc. --><path d=\"M128 32h32c17.7 0 32 14.3 32 32V96H96V64c0-17.7 14.3-32 32-32zm64 96V448c0 17.7-14.3 32-32 32H32c-17.7 0-32-14.3-32-32V388.9c0-34.6 9.4-68.6 27.2-98.3C40.9 267.8 49.7 242.4 53 216L60.5 156c2-16 15.6-28 31.8-28H192zm227.8 0c16.1 0 29.8 12 31.8 28L459 216c3.3 26.4 12.1 51.8 25.8 74.6c17.8 29.7 27.2 63.7 27.2 98.3V448c0 17.7-14.3 32-32 32H352c-17.7 0-32-14.3-32-32V128h99.8zM320 64c0-17.7 14.3-32 32-32h32c17.7 0 32 14.3 32 32V96H320V64zm-32 64V288H224V128h64z\"\/><\/svg>\n        \n        \n        \n            <\/div>\n    \n\n\n<\/div><h1 class=\"bde-heading-328-118 bde-heading\">\nKibernetini\u0173 \u012fsilau\u017eim\u0173 testavimas\n<\/h1>\n<\/div><div class=\"bde-rich-text-328-119 bde-rich-text breakdance-rich-text-styles\">\n<p><span style=\"font-weight: 400;\">Identifikuokite \u017einiatinklio, tinkl\u0173, debesijos, mobili\u0173 sprendim\u0173 ir API sistem\u0173 pa\u017eeidimus dar prie\u0161 tai padarant kibernetiniams u\u017epuolikams \u2013 taip suma\u017eindami finansini\u0173 nuostoli\u0173 ir reputacijos rizik\u0105.<\/span><\/p>\n<\/div>\n<\/div><div class=\"bde-div-328-120 bde-div virsutiniai-blokai\" data-entrance=\"fade\">\n  \n  \n\t\n\n\n\n<div class=\"bde-div-328-121 bde-div\">\n  \n  \n\t\n\n\n\n<div class=\"bde-icon-328-122 bde-icon\">\n\n    \n            <div class=\"bde-icon-icon breakdance-icon-atom\" >\n    \n                    <svg xmlns=\"http:\/\/www.w3.org\/2000\/svg\" viewbox=\"0 0 512 512\"><!--! Font Awesome Free 6.5.1 by @fontawesome - https:\/\/fontawesome.com License - https:\/\/fontawesome.com\/license\/free (Icons: CC BY 4.0, Fonts: SIL OFL 1.1, Code: MIT License) Copyright 2023 Fonticons, Inc. --><path d=\"M256 0c53 0 96 43 96 96v3.6c0 15.7-12.7 28.4-28.4 28.4H188.4c-15.7 0-28.4-12.7-28.4-28.4V96c0-53 43-96 96-96zM41.4 105.4c12.5-12.5 32.8-12.5 45.3 0l64 64c.7 .7 1.3 1.4 1.9 2.1c14.2-7.3 30.4-11.4 47.5-11.4H312c17.1 0 33.2 4.1 47.5 11.4c.6-.7 1.2-1.4 1.9-2.1l64-64c12.5-12.5 32.8-12.5 45.3 0s12.5 32.8 0 45.3l-64 64c-.7 .7-1.4 1.3-2.1 1.9c6.2 12 10.1 25.3 11.1 39.5H480c17.7 0 32 14.3 32 32s-14.3 32-32 32H416c0 24.6-5.5 47.8-15.4 68.6c2.2 1.3 4.2 2.9 6 4.8l64 64c12.5 12.5 12.5 32.8 0 45.3s-32.8 12.5-45.3 0l-63.1-63.1c-24.5 21.8-55.8 36.2-90.3 39.6V240c0-8.8-7.2-16-16-16s-16 7.2-16 16V479.2c-34.5-3.4-65.8-17.8-90.3-39.6L86.6 502.6c-12.5 12.5-32.8 12.5-45.3 0s-12.5-32.8 0-45.3l64-64c1.9-1.9 3.9-3.4 6-4.8C101.5 367.8 96 344.6 96 320H32c-17.7 0-32-14.3-32-32s14.3-32 32-32H96.3c1.1-14.1 5-27.5 11.1-39.5c-.7-.6-1.4-1.2-2.1-1.9l-64-64c-12.5-12.5-12.5-32.8 0-45.3z\"\/><\/svg>\n        \n        \n        \n            <\/div>\n    \n\n\n<\/div><h1 class=\"bde-heading-328-123 bde-heading\">\nSaugumo sprag\u0173 analiz\u0117 &amp; praktinis pa\u017eeid\u017eiamum\u0173 patikrinimas\n<\/h1>\n<\/div><div class=\"bde-rich-text-328-124 bde-rich-text breakdance-rich-text-styles\">\n<p><span style=\"font-weight: 400;\">Saugokite savo versl\u0105 \u2013 mes \u0161aliname kritinius pa\u017eeid\u017eiamumus, optimizuojame j\u016bs\u0173 saugumo investicijas ir suma\u017einame rizikos poveik\u012f<\/span><\/p>\n<\/div>\n<\/div><div class=\"bde-div-328-125 bde-div virsutiniai-blokai\" data-entrance=\"fade\">\n  \n  \n\t\n\n\n\n<div class=\"bde-div-328-126 bde-div\">\n  \n  \n\t\n\n\n\n<div class=\"bde-icon-328-127 bde-icon\">\n\n    \n            <div class=\"bde-icon-icon breakdance-icon-atom\" >\n    \n                    <svg xmlns=\"http:\/\/www.w3.org\/2000\/svg\" viewbox=\"0 0 460 512\"><!--! Font Awesome Free 6.5.1 by @fontawesome - https:\/\/fontawesome.com License - https:\/\/fontawesome.com\/license\/free (Icons: CC BY 4.0, Fonts: SIL OFL 1.1, Code: MIT License) Copyright 2023 Fonticons, Inc. --><path d=\"M220.6 130.3l-67.2 28.2V43.2L98.7 233.5l54.7-24.2v130.3l67.2-209.3zm-83.2-96.7l-1.3 4.7-15.2 52.9C80.6 106.7 52 145.8 52 191.5c0 52.3 34.3 95.9 83.4 105.5v53.6C57.5 340.1 0 272.4 0 191.6c0-80.5 59.8-147.2 137.4-158zm311.4 447.2c-11.2 11.2-23.1 12.3-28.6 10.5-5.4-1.8-27.1-19.9-60.4-44.4-33.3-24.6-33.6-35.7-43-56.7-9.4-20.9-30.4-42.6-57.5-52.4l-9.7-14.7c-24.7 16.9-53 26.9-81.3 28.7l2.1-6.6 15.9-49.5c46.5-11.9 80.9-54 80.9-104.2 0-54.5-38.4-102.1-96-107.1V32.3C254.4 37.4 320 106.8 320 191.6c0 33.6-11.2 64.7-29 90.4l14.6 9.6c9.8 27.1 31.5 48 52.4 57.4s32.2 9.7 56.8 43c24.6 33.2 42.7 54.9 44.5 60.3s.7 17.3-10.5 28.5zm-9.9-17.9c0-4.4-3.6-8-8-8s-8 3.6-8 8 3.6 8 8 8 8-3.6 8-8z\"\/><\/svg>\n        \n        \n        \n            <\/div>\n    \n\n\n<\/div><h1 class=\"bde-heading-328-128 bde-heading\">\nSocialin\u0117s in\u017einerijos ir suk\u010diavimo (phishing) simuliacijos\n<\/h1>\n<\/div><div class=\"bde-rich-text-328-129 bde-rich-text breakdance-rich-text-styles\">\n<p><span style=\"font-weight: 400;\">\u012evertinkite \u017emogi\u0161k\u0105j\u0105 rizik\u0105 ir ugdykite komandas, kad suma\u017eintum\u0117te brangi\u0173 saugumo pa\u017eeidim\u0173 tikimyb\u0119.<\/span><\/p>\n<\/div>\n<\/div><div class=\"bde-div-328-130 bde-div virsutiniai-blokai\" data-entrance=\"fade\">\n  \n  \n\t\n\n\n\n<div class=\"bde-div-328-131 bde-div\">\n  \n  \n\t\n\n\n\n<div class=\"bde-icon-328-132 bde-icon\">\n\n    \n            <div class=\"bde-icon-icon breakdance-icon-atom\" >\n    \n                    <svg xmlns=\"http:\/\/www.w3.org\/2000\/svg\" viewbox=\"0 0 384 512\"><!--! Font Awesome Free 6.5.1 by @fontawesome - https:\/\/fontawesome.com License - https:\/\/fontawesome.com\/license\/free (Icons: CC BY 4.0, Fonts: SIL OFL 1.1, Code: MIT License) Copyright 2023 Fonticons, Inc. --><path d=\"M64 0C28.7 0 0 28.7 0 64V448c0 35.3 28.7 64 64 64H320c35.3 0 64-28.7 64-64V160H256c-17.7 0-32-14.3-32-32V0H64zM256 0V128H384L256 0zM153 289l-31 31 31 31c9.4 9.4 9.4 24.6 0 33.9s-24.6 9.4-33.9 0L71 337c-9.4-9.4-9.4-24.6 0-33.9l48-48c9.4-9.4 24.6-9.4 33.9 0s9.4 24.6 0 33.9zM265 255l48 48c9.4 9.4 9.4 24.6 0 33.9l-48 48c-9.4 9.4-24.6 9.4-33.9 0s-9.4-24.6 0-33.9l31-31-31-31c-9.4-9.4-9.4-24.6 0-33.9s24.6-9.4 33.9 0z\"\/><\/svg>\n        \n        \n        \n            <\/div>\n    \n\n\n<\/div><h1 class=\"bde-heading-328-133 bde-heading\">\n Konfig\u016bracijos ir autentifikavimo testavimas\n<\/h1>\n<\/div><div class=\"bde-rich-text-328-134 bde-rich-text breakdance-rich-text-styles\">\n<p><span style=\"font-weight: 400;\">Pa\u0161alinkite neteisingas konfig\u016bracijas ir silpnus kontrol\u0117s mechanizmus, kad sustiprintum\u0117te atitikt\u012f reikalavimams ir u\u017etikrintum\u0117te veiklos stabilum\u0105.<\/span><\/p>\n<\/div>\n<\/div><div class=\"bde-div-328-137 bde-div virsutiniai-blokai\" data-entrance=\"fade\">\n  \n  \n\t\n\n\n\n<div class=\"bde-div-328-138 bde-div\">\n  \n  \n\t\n\n\n\n<div class=\"bde-icon-328-139 bde-icon\">\n\n    \n            <div class=\"bde-icon-icon breakdance-icon-atom\" >\n    \n                    <svg xmlns=\"http:\/\/www.w3.org\/2000\/svg\" viewbox=\"0 0 640 512\"><!--! Font Awesome Free 6.5.1 by @fontawesome - https:\/\/fontawesome.com License - https:\/\/fontawesome.com\/license\/free (Icons: CC BY 4.0, Fonts: SIL OFL 1.1, Code: MIT License) Copyright 2023 Fonticons, Inc. --><path d=\"M184 48H328c4.4 0 8 3.6 8 8V96H176V56c0-4.4 3.6-8 8-8zm-56 8V96H64C28.7 96 0 124.7 0 160v96H192 352h8.2c32.3-39.1 81.1-64 135.8-64c5.4 0 10.7 .2 16 .7V160c0-35.3-28.7-64-64-64H384V56c0-30.9-25.1-56-56-56H184c-30.9 0-56 25.1-56 56zM320 352H224c-17.7 0-32-14.3-32-32V288H0V416c0 35.3 28.7 64 64 64H360.2C335.1 449.6 320 410.5 320 368c0-5.4 .2-10.7 .7-16l-.7 0zm320 16a144 144 0 1 0 -288 0 144 144 0 1 0 288 0zM496 288c8.8 0 16 7.2 16 16v48h32c8.8 0 16 7.2 16 16s-7.2 16-16 16H496c-8.8 0-16-7.2-16-16V304c0-8.8 7.2-16 16-16z\"\/><\/svg>\n        \n        \n        \n            <\/div>\n    \n\n\n<\/div><h1 class=\"bde-heading-328-140 bde-heading\">\nAtitiktimi gr\u012fstas saugumo patvirtinimas\n<\/h1>\n<\/div><div class=\"bde-rich-text-328-141 bde-rich-text breakdance-rich-text-styles\">\n<p><span style=\"font-weight: 400;\">U\u017etikrinkite atitikt\u012f PCI, HIPAA, ISO, GDPR ir kitoms normoms, kad apsaugotum\u0117te savo reputacij\u0105 ir i\u0161vengtum\u0117te finansini\u0173 nuostoli\u0173<\/span><\/p>\n<\/div>\n<\/div><div class=\"bde-div-328-142 bde-div virsutiniai-blokai\" data-entrance=\"fade\">\n  \n  \n\t\n\n\n\n<div class=\"bde-div-328-143 bde-div\">\n  \n  \n\t\n\n\n\n<div class=\"bde-icon-328-144 bde-icon\">\n\n    \n            <div class=\"bde-icon-icon breakdance-icon-atom\" >\n    \n                    <svg xmlns=\"http:\/\/www.w3.org\/2000\/svg\" viewbox=\"0 0 384 512\"><!--! Font Awesome Free 6.5.1 by @fontawesome - https:\/\/fontawesome.com License - https:\/\/fontawesome.com\/license\/free (Icons: CC BY 4.0, Fonts: SIL OFL 1.1, Code: MIT License) Copyright 2023 Fonticons, Inc. --><path d=\"M192 32c17.7 0 32 14.3 32 32V199.5l111.5-66.9c15.2-9.1 34.8-4.2 43.9 11s4.2 34.8-11 43.9L254.2 256l114.3 68.6c15.2 9.1 20.1 28.7 11 43.9s-28.7 20.1-43.9 11L224 312.5V448c0 17.7-14.3 32-32 32s-32-14.3-32-32V312.5L48.5 379.4c-15.2 9.1-34.8 4.2-43.9-11s-4.2-34.8 11-43.9L129.8 256 15.5 187.4c-15.2-9.1-20.1-28.7-11-43.9s28.7-20.1 43.9-11L160 199.5V64c0-17.7 14.3-32 32-32z\"\/><\/svg>\n        \n        \n        \n            <\/div>\n    \n\n\n<\/div><h1 class=\"bde-heading-328-145 bde-heading\">\nI\u0161sam\u016bs organizacijos rizikos vertinimai\n<\/h1>\n<\/div><div class=\"bde-rich-text-328-146 bde-rich-text breakdance-rich-text-styles\">\n<p><span style=\"font-weight: 400;\">\u00a0Matykite vis\u0105 rizikos paveiksl\u0105 \u2013 identifikuojame strategines, operacines ir atitikties rizikas, kad priimtum\u0117te geresnius sprendimus.<\/span><\/p>\n<\/div>\n<\/div><div class=\"bde-div-328-147 bde-div virsutiniai-blokai\" data-entrance=\"fade\">\n  \n  \n\t\n\n\n\n<div class=\"bde-div-328-148 bde-div\">\n  \n  \n\t\n\n\n\n<div class=\"bde-icon-328-149 bde-icon\">\n\n    \n            <div class=\"bde-icon-icon breakdance-icon-atom\" >\n    \n                    <svg xmlns=\"http:\/\/www.w3.org\/2000\/svg\" viewbox=\"0 0 576 512\"><!--! Font Awesome Free 6.5.1 by @fontawesome - https:\/\/fontawesome.com License - https:\/\/fontawesome.com\/license\/free (Icons: CC BY 4.0, Fonts: SIL OFL 1.1, Code: MIT License) Copyright 2023 Fonticons, Inc. --><path d=\"M0 64C0 28.7 28.7 0 64 0H224V128c0 17.7 14.3 32 32 32H384v38.6C310.1 219.5 256 287.4 256 368c0 59.1 29.1 111.3 73.7 143.3c-3.2 .5-6.4 .7-9.7 .7H64c-35.3 0-64-28.7-64-64V64zm384 64H256V0L384 128zM288 368a144 144 0 1 1 288 0 144 144 0 1 1 -288 0zm211.3-43.3c-6.2-6.2-16.4-6.2-22.6 0L416 385.4l-28.7-28.7c-6.2-6.2-16.4-6.2-22.6 0s-6.2 16.4 0 22.6l40 40c6.2 6.2 16.4 6.2 22.6 0l72-72c6.2-6.2 6.2-16.4 0-22.6z\"\/><\/svg>\n        \n        \n        \n            <\/div>\n    \n\n\n<\/div><h1 class=\"bde-heading-328-150 bde-heading\">\nKibernetinio saugumo technin\u0117s rizikos analiz\u0117 \n<\/h1>\n<\/div><div class=\"bde-rich-text-328-151 bde-rich-text breakdance-rich-text-styles\">\n<p><span style=\"font-weight: 400;\">Gaukite gilesn\u012f rizikos vaizd\u0105 \u2013 padedame vadovybei prognozuoti gr\u0117smes ir priimti pagr\u012fstus sprendimus d\u0117l i\u0161tekli\u0173 paskirstymo.<\/span><\/p>\n<\/div>\n<\/div><div class=\"bde-div-328-152 bde-div virsutiniai-blokai\" data-entrance=\"fade\">\n  \n  \n\t\n\n\n\n<div class=\"bde-div-328-153 bde-div\">\n  \n  \n\t\n\n\n\n<div class=\"bde-icon-328-154 bde-icon\">\n\n    \n            <div class=\"bde-icon-icon breakdance-icon-atom\" >\n    \n                    <svg xmlns=\"http:\/\/www.w3.org\/2000\/svg\" id=\"icon-accessibility\" viewbox=\"0 0 32 32\">\n<path d=\"M13 3c0-1.657 1.343-3 3-3s3 1.343 3 3c0 1.657-1.343 3-3 3s-3-1.343-3-3z\"\/>\n<path d=\"M20 10l10.3-4.443-0.743-1.857-12.557 4.3h-2l-12.557-4.3-0.743 1.857 10.3 4.443v8l-4.102 13.268 1.87 0.709 5.804-12.977h0.857l5.804 12.977 1.87-0.709-4.102-13.268z\"\/>\n<\/svg>\n        \n        \n        \n            <\/div>\n    \n\n\n<\/div><h1 class=\"bde-heading-328-155 bde-heading\">\nKo galite tik\u0117tis<br>\n<\/h1>\n<\/div><div class=\"bde-rich-text-328-156 bde-rich-text breakdance-rich-text-styles\">\n<p><span style=\"font-weight: 400;\">Sud\u0117ting\u0105 informacij\u0105 paver\u010diame sprendimais \u2013 pateikiame ai\u0161kias ataskaitas, kurios padeda vadovybei nustatyti prioritetus.<\/span><\/p>\n<p><span style=\"font-weight: 400;\">Sprendimai be sud\u0117tingumo \u2013 pateikiame koncentruotas rizikos \u012f\u017evalgas, kad vadovyb\u0117 gal\u0117t\u0173 veikti u\u017etikrintai.<\/span><\/p>\n<p><span style=\"font-weight: 400;\">Ai\u0161kios rekomendacijos, kurios leid\u017eia greitai pa\u0161alinti pa\u017eeid\u017eiamumus ir apsaugoti svarbiausias verslo funkcijas.<\/span><\/p>\n<p><span style=\"font-weight: 400;\">Parodome real\u0173 rizikos poveik\u012f \u2013 \u012frodymais pagr\u012fstos \u012f\u017evalgos, kurios padeda vadovybei \u012fvertinti saugumo investicij\u0173 vert\u0119.<\/span><\/p>\n<p><span style=\"font-weight: 400;\">Matykite vis\u0105 rizikos vaizd\u0105 \u2013 nuo \u012fmon\u0117s masto gr\u0117smi\u0173 iki technini\u0173 sprag\u0173, kad u\u017etikrintum\u0117te stabil\u0173 veikim\u0105.<\/span><\/p>\n<p><span style=\"font-weight: 400;\">Ne tik i\u0161taisome, bet ir pri\u017ei\u016brime \u2013 padedame patikrinti patobulinimus ir palaikyti auk\u0161t\u0105 saugumo lyg\u012f j\u016bs\u0173 verslui augant.<\/span><\/p>\n<\/div>\n<\/div><div class=\"bde-div-328-157 bde-div virsutiniai-blokai\" data-entrance=\"fade\">\n  \n  \n\t\n\n\n\n<div class=\"bde-div-328-158 bde-div\">\n  \n  \n\t\n\n\n\n<div class=\"bde-icon-328-159 bde-icon\">\n\n    \n            <div class=\"bde-icon-icon breakdance-icon-atom\" >\n    \n                    <svg xmlns=\"http:\/\/www.w3.org\/2000\/svg\" viewbox=\"0 0 576 512\"><!--! Font Awesome Free 6.5.1 by @fontawesome - https:\/\/fontawesome.com License - https:\/\/fontawesome.com\/license\/free (Icons: CC BY 4.0, Fonts: SIL OFL 1.1, Code: MIT License) Copyright 2023 Fonticons, Inc. --><path d=\"M112 48a48 48 0 1 1 96 0 48 48 0 1 1 -96 0zm40 304V480c0 17.7-14.3 32-32 32s-32-14.3-32-32V256.9L59.4 304.5c-9.1 15.1-28.8 20-43.9 10.9s-20-28.8-10.9-43.9l58.3-97c17.4-28.9 48.6-46.6 82.3-46.6h29.7c33.7 0 64.9 17.7 82.3 46.6l44.9 74.7c-16.1 17.6-28.6 38.5-36.6 61.5c-1.9-1.8-3.5-3.9-4.9-6.3L232 256.9V480c0 17.7-14.3 32-32 32s-32-14.3-32-32V352H152zm136 16a144 144 0 1 1 288 0 144 144 0 1 1 -288 0zm211.3-43.3c-6.2-6.2-16.4-6.2-22.6 0L416 385.4l-28.7-28.7c-6.2-6.2-16.4-6.2-22.6 0s-6.2 16.4 0 22.6l40 40c6.2 6.2 16.4 6.2 22.6 0l72-72c6.2-6.2 6.2-16.4 0-22.6z\"\/><\/svg>\n        \n        \n        \n            <\/div>\n    \n\n\n<\/div><h1 class=\"bde-heading-328-160 bde-heading\">\nKod\u0117l mus renkasi klientai\n<\/h1>\n<\/div><div class=\"bde-rich-text-328-161 bde-rich-text breakdance-rich-text-styles\">\n<p><span style=\"font-weight: 400;\">Tikri scenarijai, tikra apsauga \u2013 m\u016bs\u0173 sertifikuoti specialistai testuoja j\u016bs\u0173 sistemas, kad u\u017etikrint\u0173 finansin\u012f saugum\u0105, klient\u0173 lojalum\u0105 ir prek\u0117s \u017eenklo patikimum\u0105.<\/span><\/p>\n<p><span style=\"font-weight: 400;\">Visapusi\u0161ka apsauga \u2013 tikriname web, tinklo, mobili\u0105sias, debesijos ir API sistemas, kad u\u017etikrintume j\u016bs\u0173 verslo stabilum\u0105 ir suma\u017eintume rizikas.<\/span><\/p>\n<p><span style=\"font-weight: 400;\">Vadovams ir IT komandoms pritaikytos ataskaitos, kurios i\u0161skiria verslui svarbiausias rizikas ir padeda priimti investicinius sprendimus, paver\u010diant technines problemas strateginiais veiksmais.<\/span><\/p>\n<p><span style=\"font-weight: 400;\">Dirbame pagal pripa\u017eintus saugumo standartus \u2013 OWASP, NIST, ISO, PCI DSS \u2013 kad u\u017etikrintume atitikt\u012f ir sustiprintume j\u016bs\u0173 reputacij\u0105.<\/span><\/p>\n<p><span style=\"font-weight: 400;\">Visapusi\u0161kas po\u017ei\u016bris apima tiek techninius, tiek organizacinius rizikos veiksnius, u\u017etikrinant verslo t\u0119stinum\u0105 ir augim\u0105<\/span><\/p>\n<p><span style=\"font-weight: 400;\">Konfidencialumas ir etika \u2013 pagrindas, kuriuo kuriame j\u016bs\u0173 verslo saugum\u0105 ir reputacij\u0105.<\/span><\/p>\n<\/div>\n<\/div>\n<\/div><\/div>\n<\/section>","protected":false},"excerpt":{"rendered":"<p>Compliance &amp; Cyber Security Testing Penetration Testing Identify vulnerabilities in web, network, cloud, mobile, and APIs before attackers do, reducing the risk of financial loss and reputational damage. Vulnerability Assessments &#038; Exploitation Prioritize fixes for critical flaws, optimizing security investments and reducing exposure. Social Engineering &#038; Phishing Simulations Measure human risk and educate teams, lowering [&hellip;]<\/p>\n","protected":false},"author":2,"featured_media":0,"parent":0,"menu_order":0,"comment_status":"closed","ping_status":"closed","template":"","meta":{"inline_featured_image":false,"_breakdance_hide_in_design_set":false,"_breakdance_tags":"","footnotes":""},"class_list":["post-328","page","type-page","status-publish","hentry"],"_hostinger_reach_plugin_has_subscription_block":false,"_hostinger_reach_plugin_is_elementor":false,"_links":{"self":[{"href":"https:\/\/airvai.eu\/lt\/wp-json\/wp\/v2\/pages\/328","targetHints":{"allow":["GET"]}}],"collection":[{"href":"https:\/\/airvai.eu\/lt\/wp-json\/wp\/v2\/pages"}],"about":[{"href":"https:\/\/airvai.eu\/lt\/wp-json\/wp\/v2\/types\/page"}],"author":[{"embeddable":true,"href":"https:\/\/airvai.eu\/lt\/wp-json\/wp\/v2\/users\/2"}],"replies":[{"embeddable":true,"href":"https:\/\/airvai.eu\/lt\/wp-json\/wp\/v2\/comments?post=328"}],"version-history":[{"count":24,"href":"https:\/\/airvai.eu\/lt\/wp-json\/wp\/v2\/pages\/328\/revisions"}],"predecessor-version":[{"id":726,"href":"https:\/\/airvai.eu\/lt\/wp-json\/wp\/v2\/pages\/328\/revisions\/726"}],"wp:attachment":[{"href":"https:\/\/airvai.eu\/lt\/wp-json\/wp\/v2\/media?parent=328"}],"curies":[{"name":"wp","href":"https:\/\/api.w.org\/{rel}","templated":true}]}}