{"id":325,"date":"2025-08-27T13:04:14","date_gmt":"2025-08-27T13:04:14","guid":{"rendered":"https:\/\/mediumvioletred-ram-350536.hostingersite.com\/?page_id=325"},"modified":"2025-09-27T12:53:57","modified_gmt":"2025-09-27T12:53:57","slug":"it-infrastructure-configuration","status":"publish","type":"page","link":"https:\/\/airvai.eu\/lt\/it-infrastructure-configuration\/","title":{"rendered":"IT infrastrukt\u016bra ir konfig\u016bravimas"},"content":{"rendered":"<section class=\"bde-section-325-112 bde-section\">\n  \n  \n\t\n\n\n\n<div class=\"section-container\"><h1 class=\"bde-heading-325-113 bde-heading\" data-entrance=\"slideLeft\">\nIT infrastrukt\u016bra ir konfig\u016bravimas\n<\/h1><div class=\"bde-grid-325-114 bde-grid\">\n  \n  \n\t\n\n\n\n<div class=\"bde-div-325-115 bde-div virsutiniai-blokai\" data-entrance=\"fade\">\n  \n  \n\t\n\n\n\n<div class=\"bde-div-325-116 bde-div\">\n  \n  \n\t\n\n\n\n<div class=\"bde-icon-325-117 bde-icon\">\n\n    \n            <div class=\"bde-icon-icon breakdance-icon-atom\" >\n    \n                    <svg xmlns=\"http:\/\/www.w3.org\/2000\/svg\" viewbox=\"0 0 512 512\"><!--! Font Awesome Free 6.5.1 by @fontawesome - https:\/\/fontawesome.com License - https:\/\/fontawesome.com\/license\/free (Icons: CC BY 4.0, Fonts: SIL OFL 1.1, Code: MIT License) Copyright 2023 Fonticons, Inc. --><path d=\"M64 32C28.7 32 0 60.7 0 96v64c0 35.3 28.7 64 64 64H448c35.3 0 64-28.7 64-64V96c0-35.3-28.7-64-64-64H64zm280 72a24 24 0 1 1 0 48 24 24 0 1 1 0-48zm48 24a24 24 0 1 1 48 0 24 24 0 1 1 -48 0zM64 288c-35.3 0-64 28.7-64 64v64c0 35.3 28.7 64 64 64H448c35.3 0 64-28.7 64-64V352c0-35.3-28.7-64-64-64H64zm280 72a24 24 0 1 1 0 48 24 24 0 1 1 0-48zm56 24a24 24 0 1 1 48 0 24 24 0 1 1 -48 0z\"\/><\/svg>\n        \n        \n        \n            <\/div>\n    \n\n\n<\/div><h1 class=\"bde-heading-325-118 bde-heading\">\nIT infrastrukt\u016bros konfig\u016bracijos vertinimas\n<\/h1>\n<\/div><div class=\"bde-rich-text-325-119 bde-rich-text breakdance-rich-text-styles\">\n<p><span style=\"font-weight: 400;\">\u012evertinkite ir optimizuokite serverius, tinklus, debesijos sprendimus, duomen\u0173 saugyklas ir virtualias aplinkas, kad jos atitikt\u0173 strateginius verslo prioritetus.<\/span><\/p>\n<\/div>\n<\/div><div class=\"bde-div-325-120 bde-div virsutiniai-blokai\" data-entrance=\"fade\">\n  \n  \n\t\n\n\n\n<div class=\"bde-div-325-121 bde-div\">\n  \n  \n\t\n\n\n\n<div class=\"bde-icon-325-122 bde-icon\">\n\n    \n            <div class=\"bde-icon-icon breakdance-icon-atom\" >\n    \n                    <svg xmlns=\"http:\/\/www.w3.org\/2000\/svg\" viewbox=\"0 0 640 512\"><!--! Font Awesome Free 6.5.1 by @fontawesome - https:\/\/fontawesome.com License - https:\/\/fontawesome.com\/license\/free (Icons: CC BY 4.0, Fonts: SIL OFL 1.1, Code: MIT License) Copyright 2023 Fonticons, Inc. --><path d=\"M128 0C92.7 0 64 28.7 64 64V288H19.2C8.6 288 0 296.6 0 307.2C0 349.6 34.4 384 76.8 384H320V288H128V64H448V96h64V64c0-35.3-28.7-64-64-64H128zM512 128H400c-26.5 0-48 21.5-48 48V464c0 26.5 21.5 48 48 48H592c26.5 0 48-21.5 48-48V256H544c-17.7 0-32-14.3-32-32V128zm32 0v96h96l-96-96z\"\/><\/svg>\n        \n        \n        \n            <\/div>\n    \n\n\n<\/div><h1 class=\"bde-heading-325-123 bde-heading\">\nSistem\u0173 apsaugos stiprinimo vertinimai\n<\/h1>\n<\/div><div class=\"bde-rich-text-325-124 bde-rich-text breakdance-rich-text-styles\">\n<p><span style=\"font-weight: 400;\">Ma\u017einkite kibernetinio saugumo ir operacini\u0173 rizik\u0173, galin\u010di\u0173 kelti gr\u0117sm\u0119 verslo t\u0119stinumui, tikimyb\u0119.<\/span><\/p>\n<\/div>\n<\/div><div class=\"bde-div-325-125 bde-div virsutiniai-blokai\" data-entrance=\"fade\">\n  \n  \n\t\n\n\n\n<div class=\"bde-div-325-126 bde-div\">\n  \n  \n\t\n\n\n\n<div class=\"bde-icon-325-127 bde-icon\">\n\n    \n            <div class=\"bde-icon-icon breakdance-icon-atom\" >\n    \n                    <svg xmlns=\"http:\/\/www.w3.org\/2000\/svg\" id=\"icon-box-add\" viewbox=\"0 0 32 32\">\n<path d=\"M26 2h-20l-6 6v21c0 0.552 0.448 1 1 1h30c0.552 0 1-0.448 1-1v-21l-6-6zM16 26l-10-8h6v-6h8v6h6l-10 8zM4.828 6l2-2h18.343l2 2h-22.343z\"\/>\n<\/svg>\n        \n        \n        \n            <\/div>\n    \n\n\n<\/div><h1 class=\"bde-heading-325-128 bde-heading\">\n Prieigos kontrol\u0117s ir autentifikavimo auditai\n<\/h1>\n<\/div><div class=\"bde-rich-text-325-129 bde-rich-text breakdance-rich-text-styles\">\n<p><span style=\"font-weight: 400;\">Stiprinkite duomen\u0173 privatum\u0105 ir atitikt\u012f teis\u0117s aktams, kad u\u017etikrintum\u0117te pasitik\u0117jim\u0105 i\u0161 suinteresuot\u0173 \u0161ali\u0173 be papildom\u0173 pastang\u0173.<\/span><\/p>\n<\/div>\n<\/div><div class=\"bde-div-325-130 bde-div virsutiniai-blokai\" data-entrance=\"fade\">\n  \n  \n\t\n\n\n\n<div class=\"bde-div-325-131 bde-div\">\n  \n  \n\t\n\n\n\n<div class=\"bde-icon-325-132 bde-icon\">\n\n    \n            <div class=\"bde-icon-icon breakdance-icon-atom\" >\n    \n                    <svg xmlns=\"http:\/\/www.w3.org\/2000\/svg\" viewbox=\"0 0 448 512\"><!--! Font Awesome Free 6.5.1 by @fontawesome - https:\/\/fontawesome.com License - https:\/\/fontawesome.com\/license\/free (Icons: CC BY 4.0, Fonts: SIL OFL 1.1, Code: MIT License) Copyright 2023 Fonticons, Inc. --><path d=\"M289.67 274.89a65.57 65.57 0 1 1-65.56-65.56 65.64 65.64 0 0 1 65.56 65.56zm139.55-5.05h-.13a204.69 204.69 0 0 0-74.32-153l-45.38 26.2a157.07 157.07 0 0 1 71.81 131.84C381.2 361.5 310.73 432 224.11 432S67 361.5 67 274.88c0-81.88 63-149.27 143-156.43v39.12l108.77-62.79L210 32v38.32c-106.7 7.25-191 96-191 204.57 0 111.59 89.12 202.29 200.06 205v.11h210.16V269.84z\"\/><\/svg>\n        \n        \n        \n            <\/div>\n    \n\n\n<\/div><h1 class=\"bde-heading-325-133 bde-heading\">\nPakeitim\u0173 ir atnaujinim\u0173 valdymo vertinimai\n<\/h1>\n<\/div><div class=\"bde-rich-text-325-134 bde-rich-text breakdance-rich-text-styles\">\n<p><span style=\"font-weight: 400;\">Padame vadovybei i\u0161vengti prastov\u0173 ir maksimaliai padidinti produktyvum\u0105, u\u017etikrindami, kad sistemos b\u016bt\u0173 nuolat atnaujintos ir atsparios.<\/span><\/p>\n<\/div>\n<\/div><div class=\"bde-div-325-137 bde-div virsutiniai-blokai\" data-entrance=\"fade\">\n  \n  \n\t\n\n\n\n<div class=\"bde-div-325-138 bde-div\">\n  \n  \n\t\n\n\n\n<div class=\"bde-icon-325-139 bde-icon\">\n\n    \n            <div class=\"bde-icon-icon breakdance-icon-atom\" >\n    \n                    <svg xmlns=\"http:\/\/www.w3.org\/2000\/svg\" id=\"icon-clipboard\" viewbox=\"0 0 32 32\">\n<path d=\"M29 4h-9c0-2.209-1.791-4-4-4s-4 1.791-4 4h-9c-0.552 0-1 0.448-1 1v26c0 0.552 0.448 1 1 1h26c0.552 0 1-0.448 1-1v-26c0-0.552-0.448-1-1-1zM16 2c1.105 0 2 0.895 2 2s-0.895 2-2 2c-1.105 0-2-0.895-2-2s0.895-2 2-2zM28 30h-24v-24h4v3c0 0.552 0.448 1 1 1h14c0.552 0 1-0.448 1-1v-3h4v24z\"\/>\n<path d=\"M14 26.828l-6.414-7.414 1.828-1.828 4.586 3.586 8.586-7.586 1.829 1.828z\"\/>\n<\/svg>\n        \n        \n        \n            <\/div>\n    \n\n\n<\/div><h1 class=\"bde-heading-325-140 bde-heading\">\nIT sprendim\u0173 vertinimas pagal reguliacinius standartus\n<\/h1>\n<\/div><div class=\"bde-rich-text-325-141 bde-rich-text breakdance-rich-text-styles\">\n<p><span style=\"font-weight: 400;\">Padedame organizacijoms vadovautis pagal ISO, HIPAA, GDPR ir kitus svarbiausius reikalavimus, apsaugant j\u0173 reputacij\u0105 ir pozicij\u0105 rinkoje.<\/span><\/p>\n<\/div>\n<\/div><div class=\"bde-div-325-142 bde-div virsutiniai-blokai\" data-entrance=\"fade\">\n  \n  \n\t\n\n\n\n<div class=\"bde-div-325-143 bde-div\">\n  \n  \n\t\n\n\n\n<div class=\"bde-icon-325-144 bde-icon\">\n\n    \n            <div class=\"bde-icon-icon breakdance-icon-atom\" >\n    \n                    <svg xmlns=\"http:\/\/www.w3.org\/2000\/svg\" viewbox=\"0 0 384 512\"><!--! Font Awesome Free 6.5.1 by @fontawesome - https:\/\/fontawesome.com License - https:\/\/fontawesome.com\/license\/free (Icons: CC BY 4.0, Fonts: SIL OFL 1.1, Code: MIT License) Copyright 2023 Fonticons, Inc. --><path d=\"M192 32c17.7 0 32 14.3 32 32V199.5l111.5-66.9c15.2-9.1 34.8-4.2 43.9 11s4.2 34.8-11 43.9L254.2 256l114.3 68.6c15.2 9.1 20.1 28.7 11 43.9s-28.7 20.1-43.9 11L224 312.5V448c0 17.7-14.3 32-32 32s-32-14.3-32-32V312.5L48.5 379.4c-15.2 9.1-34.8 4.2-43.9-11s-4.2-34.8 11-43.9L129.8 256 15.5 187.4c-15.2-9.1-20.1-28.7-11-43.9s28.7-20.1 43.9-11L160 199.5V64c0-17.7 14.3-32 32-32z\"\/><\/svg>\n        \n        \n        \n            <\/div>\n    \n\n\n<\/div><h1 class=\"bde-heading-325-145 bde-heading\">\nOperacini\u0173 rizik\u0173 vertinimai\n<\/h1>\n<\/div><div class=\"bde-rich-text-325-146 bde-rich-text breakdance-rich-text-styles\">\n<p><span style=\"font-weight: 400;\">Nustatome, kaip neteisinga konfig\u016bracija gali paveikti verslo strategij\u0105 ir atskleid\u017eiame inovacij\u0173 galimybes j\u016bs\u0173 organizocijoje.<\/span><\/p>\n<\/div>\n<\/div><div class=\"bde-div-325-147 bde-div virsutiniai-blokai\" data-entrance=\"fade\">\n  \n  \n\t\n\n\n\n<div class=\"bde-div-325-148 bde-div\">\n  \n  \n\t\n\n\n\n<div class=\"bde-icon-325-149 bde-icon\">\n\n    \n            <div class=\"bde-icon-icon breakdance-icon-atom\" >\n    \n                    <svg xmlns=\"http:\/\/www.w3.org\/2000\/svg\" viewbox=\"0 0 384 512\"><!--! Font Awesome Free 6.5.1 by @fontawesome - https:\/\/fontawesome.com License - https:\/\/fontawesome.com\/license\/free (Icons: CC BY 4.0, Fonts: SIL OFL 1.1, Code: MIT License) Copyright 2023 Fonticons, Inc. --><path d=\"M192 0c-41.8 0-77.4 26.7-90.5 64H64C28.7 64 0 92.7 0 128V448c0 35.3 28.7 64 64 64H320c35.3 0 64-28.7 64-64V128c0-35.3-28.7-64-64-64H282.5C269.4 26.7 233.8 0 192 0zm0 64a32 32 0 1 1 0 64 32 32 0 1 1 0-64zM305 273L177 401c-9.4 9.4-24.6 9.4-33.9 0L79 337c-9.4-9.4-9.4-24.6 0-33.9s24.6-9.4 33.9 0l47 47L271 239c9.4-9.4 24.6-9.4 33.9 0s9.4 24.6 0 33.9z\"\/><\/svg>\n        \n        \n        \n            <\/div>\n    \n\n\n<\/div><h1 class=\"bde-heading-325-150 bde-heading\">\nInfrastrukt\u016bros analiz\u0117 vadovybei\n<\/h1>\n<\/div><div class=\"bde-rich-text-325-151 bde-rich-text breakdance-rich-text-styles\">\n<p><span style=\"font-weight: 400;\">Strategin\u0117s gair\u0117s vadovybei: kokios technologijos sustiprina konkurencin\u0119 pozicij\u0105.<\/span><\/p>\n<\/div>\n<\/div><div class=\"bde-div-325-152 bde-div virsutiniai-blokai\" data-entrance=\"fade\">\n  \n  \n\t\n\n\n\n<div class=\"bde-div-325-153 bde-div\">\n  \n  \n\t\n\n\n\n<div class=\"bde-icon-325-154 bde-icon\">\n\n    \n            <div class=\"bde-icon-icon breakdance-icon-atom\" >\n    \n                    <svg xmlns=\"http:\/\/www.w3.org\/2000\/svg\" id=\"icon-accessibility\" viewbox=\"0 0 32 32\">\n<path d=\"M13 3c0-1.657 1.343-3 3-3s3 1.343 3 3c0 1.657-1.343 3-3 3s-3-1.343-3-3z\"\/>\n<path d=\"M20 10l10.3-4.443-0.743-1.857-12.557 4.3h-2l-12.557-4.3-0.743 1.857 10.3 4.443v8l-4.102 13.268 1.87 0.709 5.804-12.977h0.857l5.804 12.977 1.87-0.709-4.102-13.268z\"\/>\n<\/svg>\n        \n        \n        \n            <\/div>\n    \n\n\n<\/div><h1 class=\"bde-heading-325-155 bde-heading\">\nKo galite tik\u0117tis\n<\/h1>\n<\/div><div class=\"bde-rich-text-325-156 bde-rich-text breakdance-rich-text-styles\">\n<p><span style=\"font-weight: 400;\">Ai\u0161kiai susistemintos ataskaitos, kurios IT rizikas ir galimybes paver\u010dia strateginiais verslo veiksmais.<\/span><\/p>\n<p><span style=\"font-weight: 400;\">Vadovams skirtos santraukos, orientuotos \u012f \u012fmon\u0117s rizikas, atitikt\u012f ir verslo t\u0119stinum\u0105 \u2013 padedan\u010dios priimti geresnius ir greitesnius sprendimus.<\/span><\/p>\n<p><span style=\"font-weight: 400;\">Praktin\u0117s technin\u0117s gair\u0117s, pateikiamos verslo kontekste \u2013 padedan\u010dios IT ir operacin\u0117ms komandoms efektyviai \u012fgyvendinti sprendimus.<\/span><\/p>\n<p><span style=\"font-weight: 400;\">Duomenimis pagr\u012fstos rekomendacijos, kurios sustiprina verslo rezultatus ir ROI.<\/span><\/p>\n<p><span style=\"font-weight: 400;\">Tvari partneryst\u0117, skatinanti nuosekl\u0173 tobul\u0117jim\u0105 ir patikim\u0105 verslo augim\u0105 po korekcini\u0173 veiksm\u0173.<\/span><\/p>\n<\/div>\n<\/div><div class=\"bde-div-325-157 bde-div virsutiniai-blokai\" data-entrance=\"fade\">\n  \n  \n\t\n\n\n\n<div class=\"bde-div-325-158 bde-div\">\n  \n  \n\t\n\n\n\n<div class=\"bde-icon-325-159 bde-icon\">\n\n    \n            <div class=\"bde-icon-icon breakdance-icon-atom\" >\n    \n                    <svg xmlns=\"http:\/\/www.w3.org\/2000\/svg\" viewbox=\"0 0 576 512\"><!--! Font Awesome Free 6.5.1 by @fontawesome - https:\/\/fontawesome.com License - https:\/\/fontawesome.com\/license\/free (Icons: CC BY 4.0, Fonts: SIL OFL 1.1, Code: MIT License) Copyright 2023 Fonticons, Inc. --><path d=\"M112 48a48 48 0 1 1 96 0 48 48 0 1 1 -96 0zm40 304V480c0 17.7-14.3 32-32 32s-32-14.3-32-32V256.9L59.4 304.5c-9.1 15.1-28.8 20-43.9 10.9s-20-28.8-10.9-43.9l58.3-97c17.4-28.9 48.6-46.6 82.3-46.6h29.7c33.7 0 64.9 17.7 82.3 46.6l44.9 74.7c-16.1 17.6-28.6 38.5-36.6 61.5c-1.9-1.8-3.5-3.9-4.9-6.3L232 256.9V480c0 17.7-14.3 32-32 32s-32-14.3-32-32V352H152zm136 16a144 144 0 1 1 288 0 144 144 0 1 1 -288 0zm211.3-43.3c-6.2-6.2-16.4-6.2-22.6 0L416 385.4l-28.7-28.7c-6.2-6.2-16.4-6.2-22.6 0s-6.2 16.4 0 22.6l40 40c6.2 6.2 16.4 6.2 22.6 0l72-72c6.2-6.2 6.2-16.4 0-22.6z\"\/><\/svg>\n        \n        \n        \n            <\/div>\n    \n\n\n<\/div><h1 class=\"bde-heading-325-160 bde-heading\">\nKod\u0117l mus renkasi klientai\n<\/h1>\n<\/div><div class=\"bde-rich-text-325-161 bde-rich-text breakdance-rich-text-styles\">\n<p><span style=\"font-weight: 400;\">Patyr\u0119 patar\u0117jai, padedantys IT sprendimus pritaikyti verslo strategijai ir u\u017etikrinti ilgalaik\u012f stabilum\u0105.<\/span><\/p>\n<p><span style=\"font-weight: 400;\">I\u0161samios serveri\u0173, debesijos, tinkl\u0173 ir duomen\u0173 saugykl\u0173 konfig\u016bracij\u0173 atostaikos\u2013 u\u017etikrinant, kad kiekvienas IT i\u0161teklius palaikyt\u0173 verslo veikl\u0105 ir lankstum\u0105.<\/span><\/p>\n<p><span style=\"font-weight: 400;\">Strategin\u0117s \u012f\u017evalgos vadovybei, padedan\u010dios priimti pagr\u012fstus sprendimus d\u0117l technologij\u0173 ir rizik\u0173.<\/span><\/p>\n<p><span style=\"font-weight: 400;\">M\u016bs\u0173 metodai remiasi pramon\u0117je pripa\u017eintais standartais, \u012fskaitant CIS Benchmarks, NIST, ISO ir ITIL \u2013 siekiant patikimumo, atitikties ir ilgalaik\u0117s vert\u0117s.<\/span><\/p>\n<p><span style=\"font-weight: 400;\">Visapusi\u0161kos paslaugos, apjungian\u010dios technini\u0173 sistem\u0173 per\u017ei\u016bras su organizacini\u0173 proces\u0173 analize \u2013 siekiant efektyvumo visoje \u012fmon\u0117je.<\/span><\/p>\n<p><span style=\"font-weight: 400;\">Absoliutus konfidencialumas, patikimumas ir \u012fsipareigojimas klient\u0173 s\u0117kmei kiekviename etape.<\/span><\/p>\n<\/div>\n<\/div>\n<\/div><\/div>\n<\/section>","protected":false},"excerpt":{"rendered":"<p>IT Infrastructure &amp; Configuration Infrastructure Configuration Reviews Assess and optimize servers, networks, cloud, storage, and virtual environments to match strategic business priorities. System Hardening Assessments Minimize cybersecurity and operational risks that threaten business continuity. Access Control &#038; Authentication Audits Strengthen data privacy and regulatory compliance for effortless stakeholder confidence. Change &#038; Patch Management Reviews Help [&hellip;]<\/p>\n","protected":false},"author":2,"featured_media":0,"parent":0,"menu_order":0,"comment_status":"closed","ping_status":"closed","template":"","meta":{"inline_featured_image":false,"_breakdance_hide_in_design_set":false,"_breakdance_tags":"","footnotes":""},"class_list":["post-325","page","type-page","status-publish","hentry"],"_hostinger_reach_plugin_has_subscription_block":false,"_hostinger_reach_plugin_is_elementor":false,"_links":{"self":[{"href":"https:\/\/airvai.eu\/lt\/wp-json\/wp\/v2\/pages\/325","targetHints":{"allow":["GET"]}}],"collection":[{"href":"https:\/\/airvai.eu\/lt\/wp-json\/wp\/v2\/pages"}],"about":[{"href":"https:\/\/airvai.eu\/lt\/wp-json\/wp\/v2\/types\/page"}],"author":[{"embeddable":true,"href":"https:\/\/airvai.eu\/lt\/wp-json\/wp\/v2\/users\/2"}],"replies":[{"embeddable":true,"href":"https:\/\/airvai.eu\/lt\/wp-json\/wp\/v2\/comments?post=325"}],"version-history":[{"count":18,"href":"https:\/\/airvai.eu\/lt\/wp-json\/wp\/v2\/pages\/325\/revisions"}],"predecessor-version":[{"id":729,"href":"https:\/\/airvai.eu\/lt\/wp-json\/wp\/v2\/pages\/325\/revisions\/729"}],"wp:attachment":[{"href":"https:\/\/airvai.eu\/lt\/wp-json\/wp\/v2\/media?parent=325"}],"curies":[{"name":"wp","href":"https:\/\/api.w.org\/{rel}","templated":true}]}}