{"id":297,"date":"2025-08-27T12:45:30","date_gmt":"2025-08-27T12:45:30","guid":{"rendered":"https:\/\/mediumvioletred-ram-350536.hostingersite.com\/?page_id=297"},"modified":"2025-10-06T13:38:53","modified_gmt":"2025-10-06T13:38:53","slug":"part-is-implementation","status":"publish","type":"page","link":"https:\/\/airvai.eu\/lt\/part-is-implementation\/","title":{"rendered":"PART IS \u012fgyvendinimas"},"content":{"rendered":"<section class=\"bde-section-297-112 bde-section\">\n  \n  \n\t\n\n\n\n<div class=\"section-container\"><h1 class=\"bde-heading-297-113 bde-heading\" data-entrance=\"slideLeft\">\nPART IS \u012fgyvendinimas\n<\/h1><div class=\"bde-grid-297-114 bde-grid\">\n  \n  \n\t\n\n\n\n<div class=\"bde-div-297-115 bde-div virsutiniai-blokai\" data-entrance=\"fade\">\n  \n  \n\t\n\n\n\n<div class=\"bde-div-297-116 bde-div\">\n  \n  \n\t\n\n\n\n<div class=\"bde-icon-297-117 bde-icon\">\n\n    \n            <div class=\"bde-icon-icon breakdance-icon-atom\" >\n    \n                    <svg xmlns=\"http:\/\/www.w3.org\/2000\/svg\" viewbox=\"0 0 448 512\"><!--! Font Awesome Free 6.5.1 by @fontawesome - https:\/\/fontawesome.com License - https:\/\/fontawesome.com\/license\/free (Icons: CC BY 4.0, Fonts: SIL OFL 1.1, Code: MIT License) Copyright 2023 Fonticons, Inc. --><path d=\"M185.7 268.1h76.2l-38.1-91.6-38.1 91.6zM223.8 32L16 106.4l31.8 275.7 176 97.9 176-97.9 31.8-275.7zM354 373.8h-48.6l-26.2-65.4H168.6l-26.2 65.4H93.7L223.8 81.5z\"\/><\/svg>\n        \n        \n        \n            <\/div>\n    \n\n\n<\/div><h1 class=\"bde-heading-297-118 bde-heading\">\nM\u016bs\u0173 teikiamos paslaugos aviacijos informacijos saugumo srityje\n<\/h1>\n<\/div><div class=\"bde-rich-text-297-119 bde-rich-text breakdance-rich-text-styles\">\n<p>Informacijos apsauga aviacijoje \u2013 tai ne tik IT i\u0161\u0161\u016bkis, bet ir reguliacinis, operacinis bei saugos prioritetas. \u012esigaliojus EASA Part-IS reikalavimams, i\u0161 aviacijos organizacij\u0173 tikimasi \u012fdiegti ir palaikyti patikimas saugumo valdymo sistemas, kurios apimt\u0173 tiek kibernetines gr\u0117smes, tiek atitikties \u012fsipareigojimus. Mes padedame oro linijoms, technin\u0117s prie\u017ei\u016bros organizacijoms (MRO), oro uostams ir oro navigacijos paslaug\u0173 teik\u0117jams kurti, palaikyti ir demonstruoti veiksming\u0105 informacijos saug\u0105, pritaikyt\u0105 aviacijos sektoriaus realijoms.<\/p>\n<\/div>\n<\/div><div class=\"bde-div-297-137 bde-div virsutiniai-blokai\" data-entrance=\"fade\">\n  \n  \n\t\n\n\n\n<div class=\"bde-div-297-138 bde-div\">\n  \n  \n\t\n\n\n\n<div class=\"bde-icon-297-139 bde-icon\">\n\n    \n            <div class=\"bde-icon-icon breakdance-icon-atom\" >\n    \n                    <svg xmlns=\"http:\/\/www.w3.org\/2000\/svg\" viewbox=\"0 0 448 512\"><!--! Font Awesome Free 6.5.1 by @fontawesome - https:\/\/fontawesome.com License - https:\/\/fontawesome.com\/license\/free (Icons: CC BY 4.0, Fonts: SIL OFL 1.1, Code: MIT License) Copyright 2023 Fonticons, Inc. --><path d=\"M0 448c0 17.7 14.3 32 32 32s32-14.3 32-32l0-336c0-8.8 7.2-16 16-16l336 0c17.7 0 32-14.3 32-32s-14.3-32-32-32L80 32C35.8 32 0 67.8 0 112L0 448zm160 0a32 32 0 1 0 -64 0 32 32 0 1 0 64 0zm192 0a32 32 0 1 0 -64 0 32 32 0 1 0 64 0zm-96 0a32 32 0 1 0 -64 0 32 32 0 1 0 64 0zm192 0a32 32 0 1 0 -64 0 32 32 0 1 0 64 0zM416 288a32 32 0 1 0 0-64 32 32 0 1 0 0 64zm0 32a32 32 0 1 0 0 64 32 32 0 1 0 0-64zm0-128a32 32 0 1 0 0-64 32 32 0 1 0 0 64z\"\/><\/svg>\n        \n        \n        \n            <\/div>\n    \n\n\n<\/div><h1 class=\"bde-heading-297-140 bde-heading\">\nNeatitik\u010di\u0173 analiz\u0117\n<\/h1>\n<\/div><div class=\"bde-rich-text-297-141 bde-rich-text breakdance-rich-text-styles\">\n<p>Saugios ir atitinkan\u010dios reikalavimus ISMS (informacijos saugos valdymo sistemos) pagrindas \u2013 ai\u0161kus supratimas apie esam\u0105 situacij\u0105. M\u016bs\u0173 analiz\u0117 suteikia \u0161\u012f ai\u0161kum\u0105, palygindama j\u016bs\u0173 esamas politikas, sistemas ir procesus su EASA Part-IS bei ES aviacijos reglamentais.<br \/><br \/>Mes identifikuojame pa\u017eeid\u017eiamumus tiek \u012fmon\u0117s IT sistemose, tiek aviacijai b\u016bdingose operacin\u0117se technologijose (OT), tokiose kaip skryd\u017ei\u0173 valdymo sistemos, technin\u0117s prie\u017ei\u016bros programin\u0117 \u012franga ir ant\u017eeminio aptarnavimo taikomosiose programose.<\/p>\n<\/div>\n<\/div><div class=\"bde-div-297-120 bde-div virsutiniai-blokai\" data-entrance=\"fade\">\n  \n  \n\t\n\n\n\n<div class=\"bde-div-297-121 bde-div\">\n  \n  \n\t\n\n\n\n<div class=\"bde-icon-297-122 bde-icon\">\n\n    \n            <div class=\"bde-icon-icon breakdance-icon-atom\" >\n    \n                    <svg xmlns=\"http:\/\/www.w3.org\/2000\/svg\" viewbox=\"0 0 640 512\"><!--! Font Awesome Free 6.5.1 by @fontawesome - https:\/\/fontawesome.com License - https:\/\/fontawesome.com\/license\/free (Icons: CC BY 4.0, Fonts: SIL OFL 1.1, Code: MIT License) Copyright 2023 Fonticons, Inc. --><path d=\"M128 0C92.7 0 64 28.7 64 64V288H19.2C8.6 288 0 296.6 0 307.2C0 349.6 34.4 384 76.8 384H320V288H128V64H448V96h64V64c0-35.3-28.7-64-64-64H128zM512 128H400c-26.5 0-48 21.5-48 48V464c0 26.5 21.5 48 48 48H592c26.5 0 48-21.5 48-48V256H544c-17.7 0-32-14.3-32-32V128zm32 0v96h96l-96-96z\"\/><\/svg>\n        \n        \n        \n            <\/div>\n    \n\n\n<\/div><h1 class=\"bde-heading-297-123 bde-heading\">\nISMS planavimas, k\u016brimas ir konsultacijos\n<\/h1>\n<\/div><div class=\"bde-rich-text-297-124 bde-rich-text breakdance-rich-text-styles\">\n<p>ISMS k\u016brimas n\u0117ra biurokratijos didinimas \u2013 tai saugumo valdymo sistemos k\u016brimas, kuri palaiko saugum\u0105, efektyvum\u0105 ir pasitik\u0117jim\u0105. Mes glaud\u017eiai bendradarbiaujame su j\u016bs\u0173 komanda, kad sukurtume ISMS, kuris skland\u017eiai integruot\u0173si \u012f kasdienes veiklas.<br \/><br \/>Kuriame aviacijai pritaikytas politikas ir proced\u016bras, kurios atspindi realius operacinius procesus tokiose srityse kaip technin\u0117 prie\u017ei\u016bra, oro eismo paslaugos ir oro uost\u0173 veikla.<br \/><br \/>M\u016bs\u0173 konsultantai parengia \u012fgyvendinimo plan\u0105 su ai\u0161kiais etapais, atsakomyb\u0117mis ir terminais, kad pa\u017eanga b\u016bt\u0173 strukt\u016bruota ir lengvai pamatuojama.<br \/><br \/>Rekomenduojame tikslui pritaikytus \u012frankius ir technologijas, skirtas sustiprinti steb\u0117sen\u0105, prieigos valdym\u0105 ir incident\u0173 reagavim\u0105 tiek IT, tiek OT sistemose.<br \/>This approach ensures your ISMS is regulator-ready, aligned with international best practices, and sustainable in the long term.<\/p>\n<\/div>\n<\/div><div class=\"bde-div-297-125 bde-div virsutiniai-blokai\" data-entrance=\"fade\">\n  \n  \n\t\n\n\n\n<div class=\"bde-div-297-126 bde-div\">\n  \n  \n\t\n\n\n\n<div class=\"bde-icon-297-127 bde-icon\">\n\n    \n            <div class=\"bde-icon-icon breakdance-icon-atom\" >\n    \n                    <svg xmlns=\"http:\/\/www.w3.org\/2000\/svg\" id=\"icon-cogs\" viewbox=\"0 0 32 32\">\n<path d=\"M11.366 22.564l1.291-1.807-1.414-1.414-1.807 1.291c-0.335-0.187-0.694-0.337-1.071-0.444l-0.365-2.19h-2l-0.365 2.19c-0.377 0.107-0.736 0.256-1.071 0.444l-1.807-1.291-1.414 1.414 1.291 1.807c-0.187 0.335-0.337 0.694-0.443 1.071l-2.19 0.365v2l2.19 0.365c0.107 0.377 0.256 0.736 0.444 1.071l-1.291 1.807 1.414 1.414 1.807-1.291c0.335 0.187 0.694 0.337 1.071 0.444l0.365 2.19h2l0.365-2.19c0.377-0.107 0.736-0.256 1.071-0.444l1.807 1.291 1.414-1.414-1.291-1.807c0.187-0.335 0.337-0.694 0.444-1.071l2.19-0.365v-2l-2.19-0.365c-0.107-0.377-0.256-0.736-0.444-1.071zM7 27c-1.105 0-2-0.895-2-2s0.895-2 2-2 2 0.895 2 2-0.895 2-2 2zM32 12v-2l-2.106-0.383c-0.039-0.251-0.088-0.499-0.148-0.743l1.799-1.159-0.765-1.848-2.092 0.452c-0.132-0.216-0.273-0.426-0.422-0.629l1.219-1.761-1.414-1.414-1.761 1.219c-0.203-0.149-0.413-0.29-0.629-0.422l0.452-2.092-1.848-0.765-1.159 1.799c-0.244-0.059-0.492-0.109-0.743-0.148l-0.383-2.106h-2l-0.383 2.106c-0.251 0.039-0.499 0.088-0.743 0.148l-1.159-1.799-1.848 0.765 0.452 2.092c-0.216 0.132-0.426 0.273-0.629 0.422l-1.761-1.219-1.414 1.414 1.219 1.761c-0.149 0.203-0.29 0.413-0.422 0.629l-2.092-0.452-0.765 1.848 1.799 1.159c-0.059 0.244-0.109 0.492-0.148 0.743l-2.106 0.383v2l2.106 0.383c0.039 0.251 0.088 0.499 0.148 0.743l-1.799 1.159 0.765 1.848 2.092-0.452c0.132 0.216 0.273 0.426 0.422 0.629l-1.219 1.761 1.414 1.414 1.761-1.219c0.203 0.149 0.413 0.29 0.629 0.422l-0.452 2.092 1.848 0.765 1.159-1.799c0.244 0.059 0.492 0.109 0.743 0.148l0.383 2.106h2l0.383-2.106c0.251-0.039 0.499-0.088 0.743-0.148l1.159 1.799 1.848-0.765-0.452-2.092c0.216-0.132 0.426-0.273 0.629-0.422l1.761 1.219 1.414-1.414-1.219-1.761c0.149-0.203 0.29-0.413 0.422-0.629l2.092 0.452 0.765-1.848-1.799-1.159c0.059-0.244 0.109-0.492 0.148-0.743l2.106-0.383zM21 15.35c-2.402 0-4.35-1.948-4.35-4.35s1.948-4.35 4.35-4.35 4.35 1.948 4.35 4.35c0 2.402-1.948 4.35-4.35 4.35z\"\/>\n<\/svg>\n        \n        \n        \n            <\/div>\n    \n\n\n<\/div><h1 class=\"bde-heading-297-128 bde-heading\">\nNuolatin\u0117 atitikties steb\u0117sena ir saugumo testavimas\n<\/h1>\n<\/div><div class=\"bde-rich-text-297-129 bde-rich-text breakdance-rich-text-styles\">\n<p>Aviacijos saugumo reikalavimai nuolat kinta, tod\u0117l atitikties u\u017etikrinimas negali b\u016bti vienkartinis projektas. M\u016bs\u0173 nuolatin\u0117s steb\u0117senos ir testavimo paslaugos suteikia nuolatin\u0119 prie\u017ei\u016br\u0105, reikaling\u0105 i\u0161likti atitinkantiems reikalavimus ir atspariems gr\u0117sm\u0117ms.<br \/><br \/>Vidiniai patikrinimai leid\u017eia \u012fvertinti ISMS proces\u0173 veiksmingum\u0105 ir nustatyti spragas dar prie\u0161 tai padarant inspektoriams.<br \/><br \/>Penetraciniai testai ir simuliuotos kibernetin\u0117s atakos padeda \u012fvertinti tinkl\u0173, taikom\u0173j\u0173 program\u0173 ir kritini\u0173 aviacijos sistem\u0173 atsparum\u0105 realioms gr\u0117sm\u0117ms.<br \/><br \/>Reguliacin\u0117 informacija padeda nuolat sekti ES aviacijos kibernetinio saugumo taisykli\u0173 atnaujinimus, tod\u0117l audito ar patikrinimo metu nelieka joki\u0173 netik\u0117tum\u0173.<\/p>\n<p>Mes teikiame ai\u0161kias, prakti\u0161kai pritaikomas ataskaitas su rekomendacijomis, kurios tiesiogiai prisideda prie didesnio atsparumo ir nuolatinio tobul\u0117jimo, kur\u012f galima pagr\u012fsti faktais.<\/p>\n<p>\u0160i nuolatin\u0117 pagalba stiprina j\u016bs\u0173 geb\u0117jim\u0105 anksti aptikti gr\u0117smes, veiksmingai \u012f jas reaguoti ir i\u0161laikyti reguliuotoj\u0173 pasitik\u0117jim\u0105 metai i\u0161 met\u0173.<\/p>\n<\/div>\n<\/div><div class=\"bde-div-297-143 bde-div virsutiniai-blokai\" data-entrance=\"fade\">\n  \n  \n\t\n\n\n\n<div class=\"bde-div-297-144 bde-div\">\n  \n  \n\t\n\n\n\n<div class=\"bde-icon-297-145 bde-icon\">\n\n    \n            <div class=\"bde-icon-icon breakdance-icon-atom\" >\n    \n                    <svg xmlns=\"http:\/\/www.w3.org\/2000\/svg\" viewbox=\"0 0 576 512\"><!--! Font Awesome Free 6.5.1 by @fontawesome - https:\/\/fontawesome.com License - https:\/\/fontawesome.com\/license\/free (Icons: CC BY 4.0, Fonts: SIL OFL 1.1, Code: MIT License) Copyright 2023 Fonticons, Inc. --><path d=\"M112 48a48 48 0 1 1 96 0 48 48 0 1 1 -96 0zm40 304V480c0 17.7-14.3 32-32 32s-32-14.3-32-32V256.9L59.4 304.5c-9.1 15.1-28.8 20-43.9 10.9s-20-28.8-10.9-43.9l58.3-97c17.4-28.9 48.6-46.6 82.3-46.6h29.7c33.7 0 64.9 17.7 82.3 46.6l44.9 74.7c-16.1 17.6-28.6 38.5-36.6 61.5c-1.9-1.8-3.5-3.9-4.9-6.3L232 256.9V480c0 17.7-14.3 32-32 32s-32-14.3-32-32V352H152zm136 16a144 144 0 1 1 288 0 144 144 0 1 1 -288 0zm211.3-43.3c-6.2-6.2-16.4-6.2-22.6 0L416 385.4l-28.7-28.7c-6.2-6.2-16.4-6.2-22.6 0s-6.2 16.4 0 22.6l40 40c6.2 6.2 16.4 6.2 22.6 0l72-72c6.2-6.2 6.2-16.4 0-22.6z\"\/><\/svg>\n        \n        \n        \n            <\/div>\n    \n\n\n<\/div><h1 class=\"bde-heading-297-146 bde-heading\">\nKod\u0117l verta bendradarbiauti su mumis?\n<\/h1>\n<\/div><div class=\"bde-rich-text-297-147 bde-rich-text breakdance-rich-text-styles\">\n<p>M\u016bs\u0173 kompetencija apjungia gilias EASA reglament\u0173 \u017einias ir praktin\u0119 patirt\u012f aviacijos veikloje. Puikiai suprantame, kaip svarbu suderinti atitikt\u012f, saug\u0105 ir efektyvum\u0105, tod\u0117l m\u016bs\u0173 sprendimai kuriami taip, kad integruot\u0173si \u012f esamas sistemas, o ne jas trikdyt\u0173. Bendradarbiaudami su mumis, j\u016bs galite:<\/p>\n<p>\u00a0 -&gt; Pasiekti ir pagr\u012fsti atitikt\u012f EASA Part-IS bei susijusiems ES reglamentams.<br \/><br \/>\u00a0 -&gt; Sustiprinti jautri\u0173 sistem\u0173, duomen\u0173 ir aviacijos operacij\u0173 apsaug\u0105.<br \/><br \/>\u00a0 -&gt; Suma\u017einti neatitikim\u0173 teis\u0117s aktams ir brangi\u0173 prastov\u0173 rizik\u0105.<br \/><br \/>\u00a0 -&gt; U\u017etikrinkite ilgalaik\u012f atsparum\u0105, suderint\u0105 su saugos ir verslo prioritetais.<br \/><br \/>Su m\u016bs\u0173 pagalba j\u016bs\u0173 organizacija \u017eengia toliau nei tik bazin\u0117 atitiktis \u2013 link tvaraus, atei\u010diai pasirengusio informacijos saugumo po\u017ei\u016brio, kuris stiprina pasitik\u0117jim\u0105 tiek i\u0161 reguliuotoj\u0173, tiek i\u0161 partneri\u0173 ir klient\u0173 pus\u0117s.<\/p>\n<\/div>\n<\/div>\n<\/div><\/div>\n<\/section>","protected":false},"excerpt":{"rendered":"<p>PART IS Implementation Our Services in Aviation Information Security Protecting information in aviation is not just an IT challenge\u2014it\u2019s a regulatory, operational, and safety priority. With the introduction of EASA Part-IS requirements, aviation organizations are expected to implement and maintain robust security management systems that address both cyber threats and compliance obligations. We support airlines, [&hellip;]<\/p>\n","protected":false},"author":2,"featured_media":0,"parent":0,"menu_order":0,"comment_status":"closed","ping_status":"closed","template":"","meta":{"inline_featured_image":false,"_breakdance_hide_in_design_set":false,"_breakdance_tags":"","footnotes":""},"class_list":["post-297","page","type-page","status-publish","hentry"],"_hostinger_reach_plugin_has_subscription_block":false,"_hostinger_reach_plugin_is_elementor":false,"_links":{"self":[{"href":"https:\/\/airvai.eu\/lt\/wp-json\/wp\/v2\/pages\/297","targetHints":{"allow":["GET"]}}],"collection":[{"href":"https:\/\/airvai.eu\/lt\/wp-json\/wp\/v2\/pages"}],"about":[{"href":"https:\/\/airvai.eu\/lt\/wp-json\/wp\/v2\/types\/page"}],"author":[{"embeddable":true,"href":"https:\/\/airvai.eu\/lt\/wp-json\/wp\/v2\/users\/2"}],"replies":[{"embeddable":true,"href":"https:\/\/airvai.eu\/lt\/wp-json\/wp\/v2\/comments?post=297"}],"version-history":[{"count":23,"href":"https:\/\/airvai.eu\/lt\/wp-json\/wp\/v2\/pages\/297\/revisions"}],"predecessor-version":[{"id":742,"href":"https:\/\/airvai.eu\/lt\/wp-json\/wp\/v2\/pages\/297\/revisions\/742"}],"wp:attachment":[{"href":"https:\/\/airvai.eu\/lt\/wp-json\/wp\/v2\/media?parent=297"}],"curies":[{"name":"wp","href":"https:\/\/api.w.org\/{rel}","templated":true}]}}